{"id":9,"date":"2014-07-01T15:43:39","date_gmt":"2014-07-01T13:43:39","guid":{"rendered":"http:\/\/goebel-bestattungen.de\/?page_id=9"},"modified":"2025-02-19T17:00:50","modified_gmt":"2025-02-19T15:00:50","slug":"philosophie","status":"publish","type":"page","link":"https:\/\/goebel-bestattungen.de\/?page_id=9","title":{"rendered":"Philosophie"},"content":{"rendered":"<p>Unser Anspruch ist die pers\u00f6nliche Betreuung unserer Kunden. Wir nehmen uns viel Zeit f\u00fcr alle offenen Fragen und beraten ausf\u00fchrlich. Wir bem\u00fchen uns, Ihnen so viele Aufgaben und Verpflichtungen wie m\u00f6glich abzunehmen, damit Sie Zeit und Ruhe f\u00fcr Ihre Trauer finden. Deshalb halten wir ein <span style=\"color: #99cc00;\"><strong>weitreichendes Angebot von Serviceleistungen f\u00fcr Sie bereit <\/strong><\/span>&#8211; von der Erledigung l\u00e4stiger Beh\u00f6rdeng\u00e4nge \u00fcber die kostenlose Nutzung unserer Limousinenservices bis hin zur Vermittlung privater Trauerredner.<\/p>\n\n\n<figure class=\"wp-block-gallery has-nested-images columns-2 is-cropped wp-block-gallery-1 is-layout-flex wp-block-gallery-is-layout-flex\">\n<figure data-wp-context=\"{&quot;imageId&quot;:&quot;69f89dcfccbef&quot;}\" data-wp-interactive=\"core\/image\" data-wp-key=\"69f89dcfccbef\" class=\"wp-block-image size-large wp-lightbox-container\"><img loading=\"lazy\" decoding=\"async\" width=\"682\" height=\"1024\" data-wp-class--hide=\"state.isContentHidden\" data-wp-class--show=\"state.isContentVisible\" data-wp-init=\"callbacks.setButtonStyles\" data-wp-on--click=\"actions.showLightbox\" data-wp-on--load=\"callbacks.setButtonStyles\" data-wp-on-window--resize=\"callbacks.setButtonStyles\" data-id=\"282\" src=\"https:\/\/goebel-bestattungen.de\/wp-content\/uploads\/2025\/02\/GoebelBestattungen_7-682x1024.jpg\" alt=\"\" class=\"wp-image-282\" srcset=\"https:\/\/goebel-bestattungen.de\/wp-content\/uploads\/2025\/02\/GoebelBestattungen_7-682x1024.jpg 682w, https:\/\/goebel-bestattungen.de\/wp-content\/uploads\/2025\/02\/GoebelBestattungen_7-200x300.jpg 200w, https:\/\/goebel-bestattungen.de\/wp-content\/uploads\/2025\/02\/GoebelBestattungen_7-768x1152.jpg 768w, https:\/\/goebel-bestattungen.de\/wp-content\/uploads\/2025\/02\/GoebelBestattungen_7-1024x1536.jpg 1024w, https:\/\/goebel-bestattungen.de\/wp-content\/uploads\/2025\/02\/GoebelBestattungen_7-624x936.jpg 624w, https:\/\/goebel-bestattungen.de\/wp-content\/uploads\/2025\/02\/GoebelBestattungen_7.jpg 1333w\" sizes=\"auto, (max-width: 682px) 100vw, 682px\" \/><button\n\t\t\tclass=\"lightbox-trigger\"\n\t\t\ttype=\"button\"\n\t\t\taria-haspopup=\"dialog\"\n\t\t\taria-label=\"Vergr\u00f6\u00dfern\"\n\t\t\tdata-wp-init=\"callbacks.initTriggerButton\"\n\t\t\tdata-wp-on--click=\"actions.showLightbox\"\n\t\t\tdata-wp-style--right=\"state.imageButtonRight\"\n\t\t\tdata-wp-style--top=\"state.imageButtonTop\"\n\t\t>\n\t\t\t<svg xmlns=\"http:\/\/www.w3.org\/2000\/svg\" width=\"12\" height=\"12\" fill=\"none\" viewBox=\"0 0 12 12\">\n\t\t\t\t<path fill=\"#fff\" d=\"M2 0a2 2 0 0 0-2 2v2h1.5V2a.5.5 0 0 1 .5-.5h2V0H2Zm2 10.5H2a.5.5 0 0 1-.5-.5V8H0v2a2 2 0 0 0 2 2h2v-1.5ZM8 12v-1.5h2a.5.5 0 0 0 .5-.5V8H12v2a2 2 0 0 1-2 2H8Zm2-12a2 2 0 0 1 2 2v2h-1.5V2a.5.5 0 0 0-.5-.5H8V0h2Z\" \/>\n\t\t\t<\/svg>\n\t\t<\/button><\/figure>\n\n\n\n<figure data-wp-context=\"{&quot;imageId&quot;:&quot;69f89dcfcd291&quot;}\" data-wp-interactive=\"core\/image\" data-wp-key=\"69f89dcfcd291\" class=\"wp-block-image size-large wp-lightbox-container\"><img loading=\"lazy\" decoding=\"async\" width=\"682\" height=\"1024\" data-wp-class--hide=\"state.isContentHidden\" data-wp-class--show=\"state.isContentVisible\" data-wp-init=\"callbacks.setButtonStyles\" data-wp-on--click=\"actions.showLightbox\" data-wp-on--load=\"callbacks.setButtonStyles\" data-wp-on-window--resize=\"callbacks.setButtonStyles\" data-id=\"281\" src=\"https:\/\/goebel-bestattungen.de\/wp-content\/uploads\/2025\/02\/GoebelBestattungen_6-682x1024.jpg\" alt=\"\" class=\"wp-image-281\" srcset=\"https:\/\/goebel-bestattungen.de\/wp-content\/uploads\/2025\/02\/GoebelBestattungen_6-682x1024.jpg 682w, https:\/\/goebel-bestattungen.de\/wp-content\/uploads\/2025\/02\/GoebelBestattungen_6-200x300.jpg 200w, https:\/\/goebel-bestattungen.de\/wp-content\/uploads\/2025\/02\/GoebelBestattungen_6-768x1152.jpg 768w, https:\/\/goebel-bestattungen.de\/wp-content\/uploads\/2025\/02\/GoebelBestattungen_6-1024x1536.jpg 1024w, https:\/\/goebel-bestattungen.de\/wp-content\/uploads\/2025\/02\/GoebelBestattungen_6-624x936.jpg 624w, https:\/\/goebel-bestattungen.de\/wp-content\/uploads\/2025\/02\/GoebelBestattungen_6.jpg 1333w\" sizes=\"auto, (max-width: 682px) 100vw, 682px\" \/><button\n\t\t\tclass=\"lightbox-trigger\"\n\t\t\ttype=\"button\"\n\t\t\taria-haspopup=\"dialog\"\n\t\t\taria-label=\"Vergr\u00f6\u00dfern\"\n\t\t\tdata-wp-init=\"callbacks.initTriggerButton\"\n\t\t\tdata-wp-on--click=\"actions.showLightbox\"\n\t\t\tdata-wp-style--right=\"state.imageButtonRight\"\n\t\t\tdata-wp-style--top=\"state.imageButtonTop\"\n\t\t>\n\t\t\t<svg xmlns=\"http:\/\/www.w3.org\/2000\/svg\" width=\"12\" height=\"12\" fill=\"none\" viewBox=\"0 0 12 12\">\n\t\t\t\t<path fill=\"#fff\" d=\"M2 0a2 2 0 0 0-2 2v2h1.5V2a.5.5 0 0 1 .5-.5h2V0H2Zm2 10.5H2a.5.5 0 0 1-.5-.5V8H0v2a2 2 0 0 0 2 2h2v-1.5ZM8 12v-1.5h2a.5.5 0 0 0 .5-.5V8H12v2a2 2 0 0 1-2 2H8Zm2-12a2 2 0 0 1 2 2v2h-1.5V2a.5.5 0 0 0-.5-.5H8V0h2Z\" \/>\n\t\t\t<\/svg>\n\t\t<\/button><\/figure>\n<\/figure>\n","protected":false},"excerpt":{"rendered":"<p>Unser Anspruch ist die pers\u00f6nliche Betreuung unserer Kunden. Wir nehmen uns viel Zeit f\u00fcr alle offenen Fragen und beraten ausf\u00fchrlich. Wir bem\u00fchen uns, Ihnen so viele Aufgaben und Verpflichtungen wie m\u00f6glich abzunehmen, damit Sie Zeit und Ruhe f\u00fcr Ihre Trauer finden. Deshalb halten wir ein weitreichendes Angebot von Serviceleistungen f\u00fcr Sie bereit &#8211; von der [&hellip;]<\/p>\n","protected":false},"author":2,"featured_media":0,"parent":0,"menu_order":0,"comment_status":"closed","ping_status":"open","template":"","meta":{"footnotes":""},"class_list":["post-9","page","type-page","status-publish","hentry"],"_links":{"self":[{"href":"https:\/\/goebel-bestattungen.de\/index.php?rest_route=\/wp\/v2\/pages\/9","targetHints":{"allow":["GET"]}}],"collection":[{"href":"https:\/\/goebel-bestattungen.de\/index.php?rest_route=\/wp\/v2\/pages"}],"about":[{"href":"https:\/\/goebel-bestattungen.de\/index.php?rest_route=\/wp\/v2\/types\/page"}],"author":[{"embeddable":true,"href":"https:\/\/goebel-bestattungen.de\/index.php?rest_route=\/wp\/v2\/users\/2"}],"replies":[{"embeddable":true,"href":"https:\/\/goebel-bestattungen.de\/index.php?rest_route=%2Fwp%2Fv2%2Fcomments&post=9"}],"version-history":[{"count":12,"href":"https:\/\/goebel-bestattungen.de\/index.php?rest_route=\/wp\/v2\/pages\/9\/revisions"}],"predecessor-version":[{"id":318,"href":"https:\/\/goebel-bestattungen.de\/index.php?rest_route=\/wp\/v2\/pages\/9\/revisions\/318"}],"wp:attachment":[{"href":"https:\/\/goebel-bestattungen.de\/index.php?rest_route=%2Fwp%2Fv2%2Fmedia&parent=9"}],"curies":[{"name":"wp","href":"https:\/\/api.w.org\/{rel}","templated":true}]}}