{"id":7,"date":"2014-07-01T15:43:16","date_gmt":"2014-07-01T13:43:16","guid":{"rendered":"http:\/\/goebel-bestattungen.de\/?page_id=7"},"modified":"2025-05-05T11:48:19","modified_gmt":"2025-05-05T09:48:19","slug":"unternehmen","status":"publish","type":"page","link":"https:\/\/goebel-bestattungen.de\/?page_id=7","title":{"rendered":"Unternehmen"},"content":{"rendered":"\n<figure data-wp-context=\"{&quot;imageId&quot;:&quot;69f89d96786bc&quot;}\" data-wp-interactive=\"core\/image\" data-wp-key=\"69f89d96786bc\" class=\"wp-block-image size-large wp-lightbox-container\"><img loading=\"lazy\" decoding=\"async\" width=\"1024\" height=\"539\" data-wp-class--hide=\"state.isContentHidden\" data-wp-class--show=\"state.isContentVisible\" data-wp-init=\"callbacks.setButtonStyles\" data-wp-on--click=\"actions.showLightbox\" data-wp-on--load=\"callbacks.setButtonStyles\" data-wp-on-window--resize=\"callbacks.setButtonStyles\" src=\"https:\/\/goebel-bestattungen.de\/wp-content\/uploads\/2025\/05\/neuerMercedes-1024x539.jpg\" alt=\"\" class=\"wp-image-351\" srcset=\"https:\/\/goebel-bestattungen.de\/wp-content\/uploads\/2025\/05\/neuerMercedes-1024x539.jpg 1024w, https:\/\/goebel-bestattungen.de\/wp-content\/uploads\/2025\/05\/neuerMercedes-300x158.jpg 300w, https:\/\/goebel-bestattungen.de\/wp-content\/uploads\/2025\/05\/neuerMercedes-768x404.jpg 768w, https:\/\/goebel-bestattungen.de\/wp-content\/uploads\/2025\/05\/neuerMercedes-1536x809.jpg 1536w, https:\/\/goebel-bestattungen.de\/wp-content\/uploads\/2025\/05\/neuerMercedes-2048x1079.jpg 2048w, https:\/\/goebel-bestattungen.de\/wp-content\/uploads\/2025\/05\/neuerMercedes-624x329.jpg 624w\" sizes=\"auto, (max-width: 1024px) 100vw, 1024px\" \/><button\n\t\t\tclass=\"lightbox-trigger\"\n\t\t\ttype=\"button\"\n\t\t\taria-haspopup=\"dialog\"\n\t\t\taria-label=\"Vergr\u00f6\u00dfern\"\n\t\t\tdata-wp-init=\"callbacks.initTriggerButton\"\n\t\t\tdata-wp-on--click=\"actions.showLightbox\"\n\t\t\tdata-wp-style--right=\"state.imageButtonRight\"\n\t\t\tdata-wp-style--top=\"state.imageButtonTop\"\n\t\t>\n\t\t\t<svg xmlns=\"http:\/\/www.w3.org\/2000\/svg\" width=\"12\" height=\"12\" fill=\"none\" viewBox=\"0 0 12 12\">\n\t\t\t\t<path fill=\"#fff\" d=\"M2 0a2 2 0 0 0-2 2v2h1.5V2a.5.5 0 0 1 .5-.5h2V0H2Zm2 10.5H2a.5.5 0 0 1-.5-.5V8H0v2a2 2 0 0 0 2 2h2v-1.5ZM8 12v-1.5h2a.5.5 0 0 0 .5-.5V8H12v2a2 2 0 0 1-2 2H8Zm2-12a2 2 0 0 1 2 2v2h-1.5V2a.5.5 0 0 0-.5-.5H8V0h2Z\" \/>\n\t\t\t<\/svg>\n\t\t<\/button><\/figure>\n\n\n\n<p><\/p>\n\n\n\n<p>Seit <span style=\"color: #99cc00;\"><strong>1900<\/strong><\/span> ist G\u00f6bel Bestattungen Ihr verl\u00e4sslicher Partner f\u00fcr Bestattungen im Siegerland. Der Ursprung des Unternehmens geht auf den Urgro\u00dfvater zur\u00fcck: Vor 114 Jahren gr\u00fcndete er eine Schreinerei mit Bestattungen. Auf den Gro\u00dfvater Martin G\u00f6bel folgten die S\u00f6hne Horst und Klaus. Nach dem Tod von Horst G\u00f6bel im Jahr 2005 f\u00fchrten seine Ehefrau Adelheid G\u00f6bel und seine Tochter Christine G\u00f6bel-B\u00fcdenbender die schon fr\u00fch im v\u00e4terlichen Betrieb mitgearbeitet hatte, Bestattungen G\u00f6bel gemeinsam weiter.<\/p>\n\n\n\n<p>2007 starb die Mutter. Seither ist Christine G\u00f6bel-B\u00fcdenbender die Inhaberin und wei\u00df, dass ihre Aufgabe darin liegt, zu <span style=\"color: #99cc00;\"><strong>100 Prozent<\/strong><\/span> f\u00fcr die von den Kunden ge\u00e4u\u00dferten W\u00fcnsche da zu sein.<\/p>\n\n\n\n<figure class=\"wp-block-gallery has-nested-images columns-default is-cropped wp-block-gallery-1 is-layout-flex wp-block-gallery-is-layout-flex\">\n<figure data-wp-context=\"{&quot;imageId&quot;:&quot;69f89d967909b&quot;}\" data-wp-interactive=\"core\/image\" data-wp-key=\"69f89d967909b\" class=\"wp-block-image size-large wp-lightbox-container\"><img loading=\"lazy\" decoding=\"async\" width=\"682\" height=\"1024\" data-wp-class--hide=\"state.isContentHidden\" data-wp-class--show=\"state.isContentVisible\" data-wp-init=\"callbacks.setButtonStyles\" data-wp-on--click=\"actions.showLightbox\" data-wp-on--load=\"callbacks.setButtonStyles\" data-wp-on-window--resize=\"callbacks.setButtonStyles\" data-id=\"290\" src=\"https:\/\/goebel-bestattungen.de\/wp-content\/uploads\/2025\/02\/GoebelBestattungen_2-682x1024.jpg\" alt=\"\" class=\"wp-image-290\" srcset=\"https:\/\/goebel-bestattungen.de\/wp-content\/uploads\/2025\/02\/GoebelBestattungen_2-682x1024.jpg 682w, https:\/\/goebel-bestattungen.de\/wp-content\/uploads\/2025\/02\/GoebelBestattungen_2-200x300.jpg 200w, https:\/\/goebel-bestattungen.de\/wp-content\/uploads\/2025\/02\/GoebelBestattungen_2-768x1152.jpg 768w, https:\/\/goebel-bestattungen.de\/wp-content\/uploads\/2025\/02\/GoebelBestattungen_2-1024x1536.jpg 1024w, https:\/\/goebel-bestattungen.de\/wp-content\/uploads\/2025\/02\/GoebelBestattungen_2-624x936.jpg 624w, https:\/\/goebel-bestattungen.de\/wp-content\/uploads\/2025\/02\/GoebelBestattungen_2.jpg 1333w\" sizes=\"auto, (max-width: 682px) 100vw, 682px\" \/><button\n\t\t\tclass=\"lightbox-trigger\"\n\t\t\ttype=\"button\"\n\t\t\taria-haspopup=\"dialog\"\n\t\t\taria-label=\"Vergr\u00f6\u00dfern\"\n\t\t\tdata-wp-init=\"callbacks.initTriggerButton\"\n\t\t\tdata-wp-on--click=\"actions.showLightbox\"\n\t\t\tdata-wp-style--right=\"state.imageButtonRight\"\n\t\t\tdata-wp-style--top=\"state.imageButtonTop\"\n\t\t>\n\t\t\t<svg xmlns=\"http:\/\/www.w3.org\/2000\/svg\" width=\"12\" height=\"12\" fill=\"none\" viewBox=\"0 0 12 12\">\n\t\t\t\t<path fill=\"#fff\" d=\"M2 0a2 2 0 0 0-2 2v2h1.5V2a.5.5 0 0 1 .5-.5h2V0H2Zm2 10.5H2a.5.5 0 0 1-.5-.5V8H0v2a2 2 0 0 0 2 2h2v-1.5ZM8 12v-1.5h2a.5.5 0 0 0 .5-.5V8H12v2a2 2 0 0 1-2 2H8Zm2-12a2 2 0 0 1 2 2v2h-1.5V2a.5.5 0 0 0-.5-.5H8V0h2Z\" \/>\n\t\t\t<\/svg>\n\t\t<\/button><\/figure>\n\n\n\n<figure data-wp-context=\"{&quot;imageId&quot;:&quot;69f89d96796e5&quot;}\" data-wp-interactive=\"core\/image\" data-wp-key=\"69f89d96796e5\" class=\"wp-block-image size-large wp-lightbox-container\"><img loading=\"lazy\" decoding=\"async\" width=\"742\" height=\"1024\" data-wp-class--hide=\"state.isContentHidden\" data-wp-class--show=\"state.isContentVisible\" data-wp-init=\"callbacks.setButtonStyles\" data-wp-on--click=\"actions.showLightbox\" data-wp-on--load=\"callbacks.setButtonStyles\" data-wp-on-window--resize=\"callbacks.setButtonStyles\" data-id=\"323\" src=\"https:\/\/goebel-bestattungen.de\/wp-content\/uploads\/2025\/02\/GoebelBestattungen_17-742x1024.jpg\" alt=\"\" class=\"wp-image-323\" srcset=\"https:\/\/goebel-bestattungen.de\/wp-content\/uploads\/2025\/02\/GoebelBestattungen_17-742x1024.jpg 742w, https:\/\/goebel-bestattungen.de\/wp-content\/uploads\/2025\/02\/GoebelBestattungen_17-217x300.jpg 217w, https:\/\/goebel-bestattungen.de\/wp-content\/uploads\/2025\/02\/GoebelBestattungen_17-768x1060.jpg 768w, https:\/\/goebel-bestattungen.de\/wp-content\/uploads\/2025\/02\/GoebelBestattungen_17-1113x1536.jpg 1113w, https:\/\/goebel-bestattungen.de\/wp-content\/uploads\/2025\/02\/GoebelBestattungen_17-1484x2048.jpg 1484w, https:\/\/goebel-bestattungen.de\/wp-content\/uploads\/2025\/02\/GoebelBestattungen_17-624x861.jpg 624w, https:\/\/goebel-bestattungen.de\/wp-content\/uploads\/2025\/02\/GoebelBestattungen_17-scaled.jpg 1855w\" sizes=\"auto, (max-width: 742px) 100vw, 742px\" \/><button\n\t\t\tclass=\"lightbox-trigger\"\n\t\t\ttype=\"button\"\n\t\t\taria-haspopup=\"dialog\"\n\t\t\taria-label=\"Vergr\u00f6\u00dfern\"\n\t\t\tdata-wp-init=\"callbacks.initTriggerButton\"\n\t\t\tdata-wp-on--click=\"actions.showLightbox\"\n\t\t\tdata-wp-style--right=\"state.imageButtonRight\"\n\t\t\tdata-wp-style--top=\"state.imageButtonTop\"\n\t\t>\n\t\t\t<svg xmlns=\"http:\/\/www.w3.org\/2000\/svg\" width=\"12\" height=\"12\" fill=\"none\" viewBox=\"0 0 12 12\">\n\t\t\t\t<path fill=\"#fff\" d=\"M2 0a2 2 0 0 0-2 2v2h1.5V2a.5.5 0 0 1 .5-.5h2V0H2Zm2 10.5H2a.5.5 0 0 1-.5-.5V8H0v2a2 2 0 0 0 2 2h2v-1.5ZM8 12v-1.5h2a.5.5 0 0 0 .5-.5V8H12v2a2 2 0 0 1-2 2H8Zm2-12a2 2 0 0 1 2 2v2h-1.5V2a.5.5 0 0 0-.5-.5H8V0h2Z\" \/>\n\t\t\t<\/svg>\n\t\t<\/button><\/figure>\n<\/figure>\n\n\n\n<p><\/p>\n","protected":false},"excerpt":{"rendered":"<p>Seit 1900 ist G\u00f6bel Bestattungen Ihr verl\u00e4sslicher Partner f\u00fcr Bestattungen im Siegerland. Der Ursprung des Unternehmens geht auf den Urgro\u00dfvater zur\u00fcck: Vor 114 Jahren gr\u00fcndete er eine Schreinerei mit Bestattungen. Auf den Gro\u00dfvater Martin G\u00f6bel folgten die S\u00f6hne Horst und Klaus. Nach dem Tod von Horst G\u00f6bel im Jahr 2005 f\u00fchrten seine Ehefrau Adelheid G\u00f6bel [&hellip;]<\/p>\n","protected":false},"author":2,"featured_media":0,"parent":0,"menu_order":0,"comment_status":"closed","ping_status":"open","template":"","meta":{"footnotes":""},"class_list":["post-7","page","type-page","status-publish","hentry"],"_links":{"self":[{"href":"https:\/\/goebel-bestattungen.de\/index.php?rest_route=\/wp\/v2\/pages\/7","targetHints":{"allow":["GET"]}}],"collection":[{"href":"https:\/\/goebel-bestattungen.de\/index.php?rest_route=\/wp\/v2\/pages"}],"about":[{"href":"https:\/\/goebel-bestattungen.de\/index.php?rest_route=\/wp\/v2\/types\/page"}],"author":[{"embeddable":true,"href":"https:\/\/goebel-bestattungen.de\/index.php?rest_route=\/wp\/v2\/users\/2"}],"replies":[{"embeddable":true,"href":"https:\/\/goebel-bestattungen.de\/index.php?rest_route=%2Fwp%2Fv2%2Fcomments&post=7"}],"version-history":[{"count":17,"href":"https:\/\/goebel-bestattungen.de\/index.php?rest_route=\/wp\/v2\/pages\/7\/revisions"}],"predecessor-version":[{"id":352,"href":"https:\/\/goebel-bestattungen.de\/index.php?rest_route=\/wp\/v2\/pages\/7\/revisions\/352"}],"wp:attachment":[{"href":"https:\/\/goebel-bestattungen.de\/index.php?rest_route=%2Fwp%2Fv2%2Fmedia&parent=7"}],"curies":[{"name":"wp","href":"https:\/\/api.w.org\/{rel}","templated":true}]}}