{"id":5,"date":"2014-07-01T15:43:00","date_gmt":"2014-07-01T13:43:00","guid":{"rendered":"http:\/\/goebel-bestattungen.de\/?page_id=5"},"modified":"2025-02-19T16:53:14","modified_gmt":"2025-02-19T14:53:14","slug":"home","status":"publish","type":"page","link":"https:\/\/goebel-bestattungen.de\/","title":{"rendered":"Willkommen"},"content":{"rendered":"<h1>&nbsp;<span style=\"color: #99cc00;\">\u201eZeit f\u00fcr Abschied haben, hei\u00dft trotz der Trauer das Licht sehen &#8211; ein Grundsatz, den wir t\u00e4glich hegen und pflegen.\u201c<\/span><\/h1>\n<p><strong>Dabei sind uns vor allem Ihre W\u00fcnsche besonders wichtig. Wir nehmen uns Zeit, um gemeinsam mit Ihnen alle relevanten Fragen zu besprechen und f\u00fcr Sie den richtigen und pers\u00f6nlichen Rahmen des Abschieds zu finden. Eine individuelle, nach Ihren Vorstellungen entworfene Ausrichtung gibt Halt und Sicherheit, besonders in dieser f\u00fcr Sie schweren Situation.<\/strong><\/p>\n<ul>\n<li>Ob traditionelle Werte hierbei die Basis bilden oder neue Bestattungsformen sinnvoll erscheinen, entscheiden Sie allein.<\/li>\n<li>Sprechen Sie mit uns, damit es ein guter Weg ist.<\/li>\n<li>Unterst\u00fctzung bieten wir Ihnen jedoch auch schon im Entwurf einer <a title=\"Trauervorsorge\" href=\"http:\/\/goebel-bestattungen.de\/?page_id=17\">Vorsorge<\/a> zu Lebzeiten, in dem Ihre W\u00fcnsche festgehalten und umgesetzt werden.<\/li>\n<\/ul>\n\n\n<figure data-wp-context=\"{&quot;imageId&quot;:&quot;69f9db7bb7265&quot;}\" data-wp-interactive=\"core\/image\" data-wp-key=\"69f9db7bb7265\" class=\"wp-block-image size-large wp-lightbox-container\"><img loading=\"lazy\" decoding=\"async\" width=\"1024\" height=\"682\" data-wp-class--hide=\"state.isContentHidden\" data-wp-class--show=\"state.isContentVisible\" data-wp-init=\"callbacks.setButtonStyles\" data-wp-on--click=\"actions.showLightbox\" data-wp-on--load=\"callbacks.setButtonStyles\" data-wp-on-window--resize=\"callbacks.setButtonStyles\" src=\"https:\/\/goebel-bestattungen.de\/wp-content\/uploads\/2025\/02\/GoebelBestattungen_8-1024x682.jpg\" alt=\"\" class=\"wp-image-283\" srcset=\"https:\/\/goebel-bestattungen.de\/wp-content\/uploads\/2025\/02\/GoebelBestattungen_8-1024x682.jpg 1024w, https:\/\/goebel-bestattungen.de\/wp-content\/uploads\/2025\/02\/GoebelBestattungen_8-300x200.jpg 300w, https:\/\/goebel-bestattungen.de\/wp-content\/uploads\/2025\/02\/GoebelBestattungen_8-768x512.jpg 768w, https:\/\/goebel-bestattungen.de\/wp-content\/uploads\/2025\/02\/GoebelBestattungen_8-1536x1024.jpg 1536w, https:\/\/goebel-bestattungen.de\/wp-content\/uploads\/2025\/02\/GoebelBestattungen_8-624x416.jpg 624w, https:\/\/goebel-bestattungen.de\/wp-content\/uploads\/2025\/02\/GoebelBestattungen_8.jpg 2000w\" sizes=\"auto, (max-width: 1024px) 100vw, 1024px\" \/><button\n\t\t\tclass=\"lightbox-trigger\"\n\t\t\ttype=\"button\"\n\t\t\taria-haspopup=\"dialog\"\n\t\t\taria-label=\"Vergr\u00f6\u00dfern\"\n\t\t\tdata-wp-init=\"callbacks.initTriggerButton\"\n\t\t\tdata-wp-on--click=\"actions.showLightbox\"\n\t\t\tdata-wp-style--right=\"state.imageButtonRight\"\n\t\t\tdata-wp-style--top=\"state.imageButtonTop\"\n\t\t>\n\t\t\t<svg xmlns=\"http:\/\/www.w3.org\/2000\/svg\" width=\"12\" height=\"12\" fill=\"none\" viewBox=\"0 0 12 12\">\n\t\t\t\t<path fill=\"#fff\" d=\"M2 0a2 2 0 0 0-2 2v2h1.5V2a.5.5 0 0 1 .5-.5h2V0H2Zm2 10.5H2a.5.5 0 0 1-.5-.5V8H0v2a2 2 0 0 0 2 2h2v-1.5ZM8 12v-1.5h2a.5.5 0 0 0 .5-.5V8H12v2a2 2 0 0 1-2 2H8Zm2-12a2 2 0 0 1 2 2v2h-1.5V2a.5.5 0 0 0-.5-.5H8V0h2Z\" \/>\n\t\t\t<\/svg>\n\t\t<\/button><\/figure>\n","protected":false},"excerpt":{"rendered":"<p>&nbsp;\u201eZeit f\u00fcr Abschied haben, hei\u00dft trotz der Trauer das Licht sehen &#8211; ein Grundsatz, den wir t\u00e4glich hegen und pflegen.\u201c Dabei sind uns vor allem Ihre W\u00fcnsche besonders wichtig. Wir nehmen uns Zeit, um gemeinsam mit Ihnen alle relevanten Fragen zu besprechen und f\u00fcr Sie den richtigen und pers\u00f6nlichen Rahmen des Abschieds zu finden. Eine [&hellip;]<\/p>\n","protected":false},"author":2,"featured_media":0,"parent":0,"menu_order":0,"comment_status":"closed","ping_status":"open","template":"","meta":{"footnotes":""},"class_list":["post-5","page","type-page","status-publish","hentry"],"_links":{"self":[{"href":"https:\/\/goebel-bestattungen.de\/index.php?rest_route=\/wp\/v2\/pages\/5","targetHints":{"allow":["GET"]}}],"collection":[{"href":"https:\/\/goebel-bestattungen.de\/index.php?rest_route=\/wp\/v2\/pages"}],"about":[{"href":"https:\/\/goebel-bestattungen.de\/index.php?rest_route=\/wp\/v2\/types\/page"}],"author":[{"embeddable":true,"href":"https:\/\/goebel-bestattungen.de\/index.php?rest_route=\/wp\/v2\/users\/2"}],"replies":[{"embeddable":true,"href":"https:\/\/goebel-bestattungen.de\/index.php?rest_route=%2Fwp%2Fv2%2Fcomments&post=5"}],"version-history":[{"count":17,"href":"https:\/\/goebel-bestattungen.de\/index.php?rest_route=\/wp\/v2\/pages\/5\/revisions"}],"predecessor-version":[{"id":296,"href":"https:\/\/goebel-bestattungen.de\/index.php?rest_route=\/wp\/v2\/pages\/5\/revisions\/296"}],"wp:attachment":[{"href":"https:\/\/goebel-bestattungen.de\/index.php?rest_route=%2Fwp%2Fv2%2Fmedia&parent=5"}],"curies":[{"name":"wp","href":"https:\/\/api.w.org\/{rel}","templated":true}]}}