{"id":33,"date":"2014-07-01T16:03:09","date_gmt":"2014-07-01T14:03:09","guid":{"rendered":"http:\/\/goebel-bestattungen.de\/?page_id=33"},"modified":"2014-07-02T15:06:45","modified_gmt":"2014-07-02T13:06:45","slug":"impressum","status":"publish","type":"page","link":"https:\/\/goebel-bestattungen.de\/?page_id=33","title":{"rendered":"Impressum"},"content":{"rendered":"<p>&nbsp;<\/p>\n<div>\n<p>&nbsp;<\/p>\n<h1><span style=\"color: #99cc00;\"><strong>G\u00f6bel Bestattungen<\/strong><\/span><br \/>\nInh. Christine G\u00f6bel<\/h1>\n<p>Telefon: 02738-1294<br \/>\nFax: 02738-4231<br \/>\nE-Mail: <a href=\"mailto:info@goebel-bestattungen.de\" target=\"_blank\">info@goebel-bestattungen.de<\/a><\/p>\n<p>Lahnstra\u00dfe 10<br \/>\n57250 Netphen<\/p>\n<p>Fotos\u00a9 \/Gestaltung\/Programmierung: greinerdesign im <a href=\"http:\/\/www.modulbuero.de\" target=\"_blank\">modulb\u00fcro<\/a><\/p>\n<p>Haftungsausschluss:<br \/>\nDie bereitgestellten Informationen auf dieser Website wurden sorgf\u00e4ltig gepr\u00fcft und werden regelm\u00e4\u00dfig aktualisiert. Jedoch kann keine Garantie daf\u00fcr \u00fcbernommen werden, dass alle Angaben zu jeder Zeit vollst\u00e4ndig, richtig und in letzter Aktualit\u00e4t dargestellt sind. Dies gilt insbesondere f\u00fcr alle Verbindungen zu anderen Web Sites, auf die direkt oder indirekt verwiesen wird. Alle Angaben k\u00f6nnen ohne vorherige Ank\u00fcndigung erg\u00e4nzt, entfernt oder ge\u00e4ndert werden.<\/p>\n<p>Mit dem Urteil vom 12.Mai 1998 312 O 85\/98 (Haftung f\u00fcr Links) hat das Landgericht (LG) Hamburg entschieden, dass man durch die Anbringung eines Links, die Inhalte der gelinkten Seite ggf. mit zu verantworten hat. Dies kann &#8211; so das LG &#8211; nur dadurch verhindert werden, dass man sich ausdr\u00fccklich von diesen Inhalten distanziert. Hiermit distanzieren wir uns ausdr\u00fccklich von allen Inhalten aller gelinkten Seiten auf unserer Homepage und machen uns diese Inhalte nicht zu eigen. Diese Erkl\u00e4rung gilt f\u00fcr alle auf unseren Internetseiten angebrachten Links.<\/p>\n<\/div>\n","protected":false},"excerpt":{"rendered":"<p>&nbsp; &nbsp; G\u00f6bel Bestattungen Inh. Christine G\u00f6bel Telefon: 02738-1294 Fax: 02738-4231 E-Mail: info@goebel-bestattungen.de Lahnstra\u00dfe 10 57250 Netphen Fotos\u00a9 \/Gestaltung\/Programmierung: greinerdesign im modulb\u00fcro Haftungsausschluss: Die bereitgestellten Informationen auf dieser Website wurden sorgf\u00e4ltig gepr\u00fcft und werden regelm\u00e4\u00dfig aktualisiert. Jedoch kann keine Garantie daf\u00fcr \u00fcbernommen werden, dass alle Angaben zu jeder Zeit vollst\u00e4ndig, richtig und in letzter Aktualit\u00e4t [&hellip;]<\/p>\n","protected":false},"author":2,"featured_media":0,"parent":0,"menu_order":0,"comment_status":"closed","ping_status":"open","template":"","meta":{"footnotes":""},"class_list":["post-33","page","type-page","status-publish","hentry"],"_links":{"self":[{"href":"https:\/\/goebel-bestattungen.de\/index.php?rest_route=\/wp\/v2\/pages\/33","targetHints":{"allow":["GET"]}}],"collection":[{"href":"https:\/\/goebel-bestattungen.de\/index.php?rest_route=\/wp\/v2\/pages"}],"about":[{"href":"https:\/\/goebel-bestattungen.de\/index.php?rest_route=\/wp\/v2\/types\/page"}],"author":[{"embeddable":true,"href":"https:\/\/goebel-bestattungen.de\/index.php?rest_route=\/wp\/v2\/users\/2"}],"replies":[{"embeddable":true,"href":"https:\/\/goebel-bestattungen.de\/index.php?rest_route=%2Fwp%2Fv2%2Fcomments&post=33"}],"version-history":[{"count":10,"href":"https:\/\/goebel-bestattungen.de\/index.php?rest_route=\/wp\/v2\/pages\/33\/revisions"}],"predecessor-version":[{"id":101,"href":"https:\/\/goebel-bestattungen.de\/index.php?rest_route=\/wp\/v2\/pages\/33\/revisions\/101"}],"wp:attachment":[{"href":"https:\/\/goebel-bestattungen.de\/index.php?rest_route=%2Fwp%2Fv2%2Fmedia&parent=33"}],"curies":[{"name":"wp","href":"https:\/\/api.w.org\/{rel}","templated":true}]}}