{"id":17,"date":"2014-07-01T15:44:35","date_gmt":"2014-07-01T13:44:35","guid":{"rendered":"http:\/\/goebel-bestattungen.de\/?page_id=17"},"modified":"2025-02-19T17:53:59","modified_gmt":"2025-02-19T15:53:59","slug":"trauervorsorge","status":"publish","type":"page","link":"https:\/\/goebel-bestattungen.de\/?page_id=17","title":{"rendered":"Trauervorsorge"},"content":{"rendered":"\n<h1 class=\"wp-block-heading\"><span style=\"color: #99cc00;\"><strong>\u201eTrost und innere Ruhe durch die richtige Vorsorge\u201c<\/strong> <\/span><\/h1>\n\n\n\n<p><span style=\"color: #99cc00;\"><strong>In Ruhe zu gehen\u2026<\/strong><\/span><br>\nBedeutet niemandem finanzielle Verpflichtungen oder Entscheidungen aufzub\u00fcrden, nachdem das eigene Leben vorbei ist. Dies ist besonders wichtig, da seit seit Januar 2004 kein Sterbegeld mehr durch die gesetzlichen Krankenkassen ausgezahlt wird.<\/p>\n\n\n\n<p><strong><span style=\"color: #99cc00;\">Abschied nehmen, wie Sie es sich vorstellen<\/span><\/strong><br>\nIn einem umfassenden Gespr\u00e4ch erarbeiten wir gemeinsam mit Ihnen alle Details f\u00fcr Ihren pers\u00f6nlichen Abschied. Nat\u00fcrlich gehen wir dabei auf ganz individuellen Vorstellungen ein.<\/p>\n\n\n\n<p><span style=\"color: #99cc00;\"><strong>Ein Informationsgespr\u00e4ch von Mensch zu Mensch<\/strong><\/span><br>\nHier erhalten Sie ein vollig unverbindliches und kostenloses Beratungsgespr\u00e4ch, in dem wir Sie dar\u00fcber informieren was im Todesfall auf die Angeh\u00f6rigen zukommt, welche Dinge schon vorab geregelt werden k\u00f6nnen und wie dieser Bereich finanziell abgesichert wird.<\/p>\n\n\n\n<figure data-wp-context=\"{&quot;imageId&quot;:&quot;69f8a05c4e0b6&quot;}\" data-wp-interactive=\"core\/image\" data-wp-key=\"69f8a05c4e0b6\" class=\"wp-block-image size-large wp-lightbox-container\"><img loading=\"lazy\" decoding=\"async\" width=\"1024\" height=\"682\" data-wp-class--hide=\"state.isContentHidden\" data-wp-class--show=\"state.isContentVisible\" data-wp-init=\"callbacks.setButtonStyles\" data-wp-on--click=\"actions.showLightbox\" data-wp-on--load=\"callbacks.setButtonStyles\" data-wp-on-window--resize=\"callbacks.setButtonStyles\" src=\"https:\/\/goebel-bestattungen.de\/wp-content\/uploads\/2025\/02\/GoebelBestattungen_5-2-1024x682.jpg\" alt=\"\" class=\"wp-image-295\" srcset=\"https:\/\/goebel-bestattungen.de\/wp-content\/uploads\/2025\/02\/GoebelBestattungen_5-2-1024x682.jpg 1024w, https:\/\/goebel-bestattungen.de\/wp-content\/uploads\/2025\/02\/GoebelBestattungen_5-2-300x200.jpg 300w, https:\/\/goebel-bestattungen.de\/wp-content\/uploads\/2025\/02\/GoebelBestattungen_5-2-768x512.jpg 768w, https:\/\/goebel-bestattungen.de\/wp-content\/uploads\/2025\/02\/GoebelBestattungen_5-2-1536x1024.jpg 1536w, https:\/\/goebel-bestattungen.de\/wp-content\/uploads\/2025\/02\/GoebelBestattungen_5-2-624x416.jpg 624w, https:\/\/goebel-bestattungen.de\/wp-content\/uploads\/2025\/02\/GoebelBestattungen_5-2.jpg 2000w\" sizes=\"auto, (max-width: 1024px) 100vw, 1024px\" \/><button\n\t\t\tclass=\"lightbox-trigger\"\n\t\t\ttype=\"button\"\n\t\t\taria-haspopup=\"dialog\"\n\t\t\taria-label=\"Vergr\u00f6\u00dfern\"\n\t\t\tdata-wp-init=\"callbacks.initTriggerButton\"\n\t\t\tdata-wp-on--click=\"actions.showLightbox\"\n\t\t\tdata-wp-style--right=\"state.imageButtonRight\"\n\t\t\tdata-wp-style--top=\"state.imageButtonTop\"\n\t\t>\n\t\t\t<svg xmlns=\"http:\/\/www.w3.org\/2000\/svg\" width=\"12\" height=\"12\" fill=\"none\" viewBox=\"0 0 12 12\">\n\t\t\t\t<path fill=\"#fff\" d=\"M2 0a2 2 0 0 0-2 2v2h1.5V2a.5.5 0 0 1 .5-.5h2V0H2Zm2 10.5H2a.5.5 0 0 1-.5-.5V8H0v2a2 2 0 0 0 2 2h2v-1.5ZM8 12v-1.5h2a.5.5 0 0 0 .5-.5V8H12v2a2 2 0 0 1-2 2H8Zm2-12a2 2 0 0 1 2 2v2h-1.5V2a.5.5 0 0 0-.5-.5H8V0h2Z\" \/>\n\t\t\t<\/svg>\n\t\t<\/button><\/figure>\n","protected":false},"excerpt":{"rendered":"<p>\u201eTrost und innere Ruhe durch die richtige Vorsorge\u201c In Ruhe zu gehen\u2026 Bedeutet niemandem finanzielle Verpflichtungen oder Entscheidungen aufzub\u00fcrden, nachdem das eigene Leben vorbei ist. Dies ist besonders wichtig, da seit seit Januar 2004 kein Sterbegeld mehr durch die gesetzlichen Krankenkassen ausgezahlt wird. Abschied nehmen, wie Sie es sich vorstellen In einem umfassenden Gespr\u00e4ch erarbeiten [&hellip;]<\/p>\n","protected":false},"author":2,"featured_media":0,"parent":0,"menu_order":0,"comment_status":"closed","ping_status":"open","template":"","meta":{"footnotes":""},"class_list":["post-17","page","type-page","status-publish","hentry"],"_links":{"self":[{"href":"https:\/\/goebel-bestattungen.de\/index.php?rest_route=\/wp\/v2\/pages\/17","targetHints":{"allow":["GET"]}}],"collection":[{"href":"https:\/\/goebel-bestattungen.de\/index.php?rest_route=\/wp\/v2\/pages"}],"about":[{"href":"https:\/\/goebel-bestattungen.de\/index.php?rest_route=\/wp\/v2\/types\/page"}],"author":[{"embeddable":true,"href":"https:\/\/goebel-bestattungen.de\/index.php?rest_route=\/wp\/v2\/users\/2"}],"replies":[{"embeddable":true,"href":"https:\/\/goebel-bestattungen.de\/index.php?rest_route=%2Fwp%2Fv2%2Fcomments&post=17"}],"version-history":[{"count":4,"href":"https:\/\/goebel-bestattungen.de\/index.php?rest_route=\/wp\/v2\/pages\/17\/revisions"}],"predecessor-version":[{"id":328,"href":"https:\/\/goebel-bestattungen.de\/index.php?rest_route=\/wp\/v2\/pages\/17\/revisions\/328"}],"wp:attachment":[{"href":"https:\/\/goebel-bestattungen.de\/index.php?rest_route=%2Fwp%2Fv2%2Fmedia&parent=17"}],"curies":[{"name":"wp","href":"https:\/\/api.w.org\/{rel}","templated":true}]}}