{"id":161,"date":"2016-04-29T09:21:37","date_gmt":"2016-04-29T07:21:37","guid":{"rendered":"http:\/\/goebel-bestattungen.de\/?page_id=161"},"modified":"2016-06-01T11:11:38","modified_gmt":"2016-06-01T09:11:38","slug":"trauerhalle","status":"publish","type":"page","link":"https:\/\/goebel-bestattungen.de\/?page_id=161","title":{"rendered":"Die neue Trauerhalle"},"content":{"rendered":"<p><img loading=\"lazy\" decoding=\"async\" class=\"alignnone wp-image-167 size-full\" src=\"http:\/\/goebel-bestattungen.de\/wp-content\/uploads\/2016\/04\/Trauerhalle_960.jpg\" alt=\"G\u00f6bel Bestattungen Trauerhalle Abschiedshalle\" width=\"960\" height=\"720\" srcset=\"https:\/\/goebel-bestattungen.de\/wp-content\/uploads\/2016\/04\/Trauerhalle_960.jpg 960w, https:\/\/goebel-bestattungen.de\/wp-content\/uploads\/2016\/04\/Trauerhalle_960-300x225.jpg 300w, https:\/\/goebel-bestattungen.de\/wp-content\/uploads\/2016\/04\/Trauerhalle_960-768x576.jpg 768w, https:\/\/goebel-bestattungen.de\/wp-content\/uploads\/2016\/04\/Trauerhalle_960-624x468.jpg 624w\" sizes=\"auto, (max-width: 960px) 100vw, 960px\" \/><\/p>\n<p>Nach umfangreichen Modernisierungsma\u00dfnahmen haben Sie nun die M\u00f6glichkeit in unserer mit <strong><span style=\"color: #99cc00;\">modernen<\/span><\/strong> Stilelementen gestalteten <strong><span style=\"color: #99cc00;\">Trauerhalle<\/span><\/strong>, mit bis zu 50 Personen, in aller Stille von verstorbenen Familienmitgliedern oder Freunden Abschied zu nehmen.<\/p>\n<p>Ob mit kirchlicher Unterst\u00fctzung, in Begleitung eines Trauerredners, oder mit pers\u00f6nlicher Betreuung durch die Inhaberin Christine G\u00f6bel haben Angeh\u00f6rige, Freunde und Bekannte nun in der hellen mit k\u00fcnstlerischen Elementen geschmackvoll ausgestalteten <strong><span style=\"color: #99cc00;\">Abschiedshalle<\/span><\/strong>, rund um die Uhr die Gelegenheit, sich in Ruhe von dem Verstorbenen zu verabschieden. Die Untermalung durch Orgelmusik oder die Erf\u00fcllung eigener Musikw\u00fcnsche geh\u00f6ren bei Bestattungen G\u00f6bel zur individuellen Ausgestaltung ebenso dazu, wie eine stilvolle Dekoration und attraktiver Blumenschmuck.<\/p>\n<p>In einer freundlichen, ruhigen und einfallsreich gestalteten Umgebung bietet<span style=\"color: #333333;\"> unser Bestattungsunternehmen T<\/span>rauernden die M\u00f6glichkeit, den verstorbenen auf dem letzten <span style=\"color: #333333;\">Weg<\/span> noch ein kleines St\u00fcck zu begleiten. Die Ausgestaltung des Abschiedes liegt bei <strong><span style=\"color: #99cc00;\">Christine G\u00f6bel <\/span><\/strong>in fachlichen H\u00e4nden. In Absprache mit den Hinterbliebenen werden diese letzten gemeinsamen Augenblicke individuell nach ihren W\u00fcnschen ausgerichtet. Die <span style=\"color: #99cc00;\"><strong>erfahrene<\/strong> <strong>Bestatterin<\/strong><\/span> plant den Abschied ganz nach den pers\u00f6nlichen Vorstellungen ihrer Kundschaft und sie versteht es mit Aufmerksamkeit und Empathie die Hinterbliebenen in ihrer Trauer zu begleiten.<\/p>\n<p>Besonderer Wert w<span style=\"color: #333333;\">ird auf die individuellen Belange der Trauernden gelegt. Ob ein Religi\u00f6s gepr\u00e4gter Abschied gleich welcher Konfession oder ob die Trauernden jenseits der Religionen stehen, hat f\u00fcr f\u00fcr Frau G\u00f6bel immer eine besondere Bedeutung. Durch die langj\u00e4hrige Erfahrung wird f\u00fcr alle Kulturkreise eine angemessene Durchf\u00fchrung erm\u00f6glicht. Bei uns steht der trauernde Mensch mit seinen W\u00fcnschen und Ambitionen im Vordergrund und kann von dem umfangreichen Erfahrungsschatz des alteingesessenen Bestattungsunternehmens profitieren.<\/span><\/p>\n","protected":false},"excerpt":{"rendered":"<p>Nach umfangreichen Modernisierungsma\u00dfnahmen haben Sie nun die M\u00f6glichkeit in unserer mit modernen Stilelementen gestalteten Trauerhalle, mit bis zu 50 Personen, in aller Stille von verstorbenen Familienmitgliedern oder Freunden Abschied zu nehmen. Ob mit kirchlicher Unterst\u00fctzung, in Begleitung eines Trauerredners, oder mit pers\u00f6nlicher Betreuung durch die Inhaberin Christine G\u00f6bel haben Angeh\u00f6rige, Freunde und Bekannte nun in [&hellip;]<\/p>\n","protected":false},"author":2,"featured_media":0,"parent":0,"menu_order":0,"comment_status":"closed","ping_status":"closed","template":"","meta":{"footnotes":""},"class_list":["post-161","page","type-page","status-publish","hentry"],"_links":{"self":[{"href":"https:\/\/goebel-bestattungen.de\/index.php?rest_route=\/wp\/v2\/pages\/161","targetHints":{"allow":["GET"]}}],"collection":[{"href":"https:\/\/goebel-bestattungen.de\/index.php?rest_route=\/wp\/v2\/pages"}],"about":[{"href":"https:\/\/goebel-bestattungen.de\/index.php?rest_route=\/wp\/v2\/types\/page"}],"author":[{"embeddable":true,"href":"https:\/\/goebel-bestattungen.de\/index.php?rest_route=\/wp\/v2\/users\/2"}],"replies":[{"embeddable":true,"href":"https:\/\/goebel-bestattungen.de\/index.php?rest_route=%2Fwp%2Fv2%2Fcomments&post=161"}],"version-history":[{"count":9,"href":"https:\/\/goebel-bestattungen.de\/index.php?rest_route=\/wp\/v2\/pages\/161\/revisions"}],"predecessor-version":[{"id":181,"href":"https:\/\/goebel-bestattungen.de\/index.php?rest_route=\/wp\/v2\/pages\/161\/revisions\/181"}],"wp:attachment":[{"href":"https:\/\/goebel-bestattungen.de\/index.php?rest_route=%2Fwp%2Fv2%2Fmedia&parent=161"}],"curies":[{"name":"wp","href":"https:\/\/api.w.org\/{rel}","templated":true}]}}