{"id":15,"date":"2014-07-01T15:44:18","date_gmt":"2014-07-01T13:44:18","guid":{"rendered":"http:\/\/goebel-bestattungen.de\/?page_id=15"},"modified":"2014-07-02T14:50:51","modified_gmt":"2014-07-02T12:50:51","slug":"zusammenarbeit","status":"publish","type":"page","link":"https:\/\/goebel-bestattungen.de\/?page_id=15","title":{"rendered":"Zusammenarbeit"},"content":{"rendered":"<p>In schwerer Zeit nehmen wir Ihnen so viele M\u00fchen wie m\u00f6glich ab. Neben der Erledigung aller Formalit\u00e4ten unterst\u00fctzen wir Sie auch bei der Gestaltung der Trauerfeier und der Bestattung mit unseren umfangreichen Erfahrung mit Partnerunternehmen, die wir im Laufe der Jahre gesammelt haben. Die unserer Meinung nach besten empfehlen wir gerne weiter:<\/p>\n<p><span style=\"color: #99cc00;\"><strong>1 ) Blumen Volmerhaus<\/strong><\/span><\/p>\n<p><span style=\"color: #99cc00;\"><strong>2 ) <a href=\"http:\/\/www.gaertnerei-knoebel.de\/\" target=\"_blank\">G\u00e4rtnerei Kn\u00f6bel<\/a><br \/>\n<\/strong><\/span><\/p>\n<p><span style=\"color: #99cc00;\"><strong>2 ) <a href=\"http:\/\/www.sting-gmbh.de\/\" target=\"_blank\">Sting GmbH Steinmetzmeister<\/a><\/strong><\/span><\/p>\n<p><span style=\"color: #99cc00;\"><strong>3 ) <a href=\"http:\/\/www.werthebach.com\/grabkunst.html\" target=\"_blank\">Werthebach GmbH<\/a><br \/>\n<\/strong><\/span><\/p>\n<p>&nbsp;<\/p>\n","protected":false},"excerpt":{"rendered":"<p>In schwerer Zeit nehmen wir Ihnen so viele M\u00fchen wie m\u00f6glich ab. Neben der Erledigung aller Formalit\u00e4ten unterst\u00fctzen wir Sie auch bei der Gestaltung der Trauerfeier und der Bestattung mit unseren umfangreichen Erfahrung mit Partnerunternehmen, die wir im Laufe der Jahre gesammelt haben. Die unserer Meinung nach besten empfehlen wir gerne weiter: 1 ) Blumen [&hellip;]<\/p>\n","protected":false},"author":2,"featured_media":0,"parent":0,"menu_order":0,"comment_status":"closed","ping_status":"open","template":"","meta":{"footnotes":""},"class_list":["post-15","page","type-page","status-publish","hentry"],"_links":{"self":[{"href":"https:\/\/goebel-bestattungen.de\/index.php?rest_route=\/wp\/v2\/pages\/15","targetHints":{"allow":["GET"]}}],"collection":[{"href":"https:\/\/goebel-bestattungen.de\/index.php?rest_route=\/wp\/v2\/pages"}],"about":[{"href":"https:\/\/goebel-bestattungen.de\/index.php?rest_route=\/wp\/v2\/types\/page"}],"author":[{"embeddable":true,"href":"https:\/\/goebel-bestattungen.de\/index.php?rest_route=\/wp\/v2\/users\/2"}],"replies":[{"embeddable":true,"href":"https:\/\/goebel-bestattungen.de\/index.php?rest_route=%2Fwp%2Fv2%2Fcomments&post=15"}],"version-history":[{"count":6,"href":"https:\/\/goebel-bestattungen.de\/index.php?rest_route=\/wp\/v2\/pages\/15\/revisions"}],"predecessor-version":[{"id":91,"href":"https:\/\/goebel-bestattungen.de\/index.php?rest_route=\/wp\/v2\/pages\/15\/revisions\/91"}],"wp:attachment":[{"href":"https:\/\/goebel-bestattungen.de\/index.php?rest_route=%2Fwp%2Fv2%2Fmedia&parent=15"}],"curies":[{"name":"wp","href":"https:\/\/api.w.org\/{rel}","templated":true}]}}